{"id":46,"date":"2024-04-03T17:48:46","date_gmt":"2024-04-03T15:48:46","guid":{"rendered":"https:\/\/unalometattoo.es\/?page_id=46"},"modified":"2024-11-16T02:52:32","modified_gmt":"2024-11-16T01:52:32","slug":"piercing","status":"publish","type":"page","link":"https:\/\/unalometattoo.es\/index.php\/piercing\/","title":{"rendered":"Piercing"},"content":{"rendered":"\t\t<div data-elementor-type=\"wp-page\" data-elementor-id=\"46\" class=\"elementor elementor-46\" data-elementor-post-type=\"page\">\n\t\t\t\t<div class=\"elementor-element elementor-element-eda710d e-flex e-con-boxed e-con e-parent\" data-id=\"eda710d\" data-element_type=\"container\" data-e-type=\"container\">\n\t\t\t\t\t<div class=\"e-con-inner\">\n\t\t\t\t<div class=\"elementor-element elementor-element-86af6a6 elementor-widget elementor-widget-heading\" data-id=\"86af6a6\" data-element_type=\"widget\" data-e-type=\"widget\" data-widget_type=\"heading.default\">\n\t\t\t\t<div class=\"elementor-widget-container\">\n\t\t\t\t\t<h1 class=\"elementor-heading-title elementor-size-default\">Descubre nuestra Galer\u00eda de Piercings<\/h1>\t\t\t\t<\/div>\n\t\t\t\t<\/div>\n\t\t\t\t<div class=\"elementor-element elementor-element-bdb8bfa elementor-widget elementor-widget-heading\" data-id=\"bdb8bfa\" data-element_type=\"widget\" data-e-type=\"widget\" data-widget_type=\"heading.default\">\n\t\t\t\t<div class=\"elementor-widget-container\">\n\t\t\t\t\t<h2 class=\"elementor-heading-title elementor-size-default\">Muestra de piercings hechos en Unalome Tattoo &amp; Piercing<\/h2>\t\t\t\t<\/div>\n\t\t\t\t<\/div>\n\t\t\t\t<div class=\"elementor-element elementor-element-d659eb1 elementor-widget elementor-widget-text-editor\" data-id=\"d659eb1\" data-element_type=\"widget\" data-e-type=\"widget\" data-widget_type=\"text-editor.default\">\n\t\t\t\t<div class=\"elementor-widget-container\">\n\t\t\t\t\t\t\t\t\t<p>En Unalome Tattoo &amp; Piercing, la expresi\u00f3n personal no se limita solo a los tatuajes. Nuestros expertos en piercing est\u00e1n aqu\u00ed para ayudarte a realzar tu estilo con piercings que reflejen tu individualidad y te hagan sentir seguro de ti mismo. Explora nuestra galer\u00eda de im\u00e1genes para ver algunos de nuestros trabajos m\u00e1s destacados.<\/p>\t\t\t\t\t\t\t\t<\/div>\n\t\t\t\t<\/div>\n\t\t\t\t<div class=\"elementor-element elementor-element-bef5f1e elementor-align-center elementor-widget elementor-widget-button\" data-id=\"bef5f1e\" data-element_type=\"widget\" data-e-type=\"widget\" data-widget_type=\"button.default\">\n\t\t\t\t<div class=\"elementor-widget-container\">\n\t\t\t\t\t\t\t\t\t<div class=\"elementor-button-wrapper\">\n\t\t\t\t\t<a class=\"elementor-button elementor-button-link elementor-size-sm\" href=\"https:\/\/unalometattoo.es\/index.php\/contacto\/\" target=\"_blank\">\n\t\t\t\t\t\t<span class=\"elementor-button-content-wrapper\">\n\t\t\t\t\t\t\t\t\t<span class=\"elementor-button-text\">Contacta ahora con Unalome Tattoo &amp; Piercing<\/span>\n\t\t\t\t\t<\/span>\n\t\t\t\t\t<\/a>\n\t\t\t\t<\/div>\n\t\t\t\t\t\t\t\t<\/div>\n\t\t\t\t<\/div>\n\t\t\t\t<div class=\"elementor-element elementor-element-a4abfe2 elementor-widget elementor-widget-text-editor\" data-id=\"a4abfe2\" data-element_type=\"widget\" data-e-type=\"widget\" data-widget_type=\"text-editor.default\">\n\t\t\t\t<div class=\"elementor-widget-container\">\n\t\t\t\t\t\t\t\t\t<p>Desde piercings faciales hasta corporales, nuestro equipo est\u00e1 capacitado para proporcionarte una experiencia segura y profesional. Nos comprometemos a utilizar t\u00e9cnicas est\u00e9riles y joyer\u00eda de alta calidad para garantizar tu comodidad y satisfacci\u00f3n.<\/p><p><strong>\u00bfListo para dar el siguiente paso en tu viaje de modificaci\u00f3n corporal?<\/strong><\/p>\t\t\t\t\t\t\t\t<\/div>\n\t\t\t\t<\/div>\n\t\t\t\t<div class=\"elementor-element elementor-element-cc659ad elementor-widget elementor-widget-text-editor\" data-id=\"cc659ad\" data-element_type=\"widget\" data-e-type=\"widget\" data-widget_type=\"text-editor.default\">\n\t\t\t\t<div class=\"elementor-widget-container\">\n\t\t\t\t\t\t\t\t\t<p><strong> \u00a1Cont\u00e1ctanos hoy mismo para reservar tu cita!<\/strong><\/p>\t\t\t\t\t\t\t\t<\/div>\n\t\t\t\t<\/div>\n\t\t\t\t<div class=\"elementor-element elementor-element-ea9ab22 elementor-widget elementor-widget-gallery\" data-id=\"ea9ab22\" data-element_type=\"widget\" data-e-type=\"widget\" data-settings=\"{&quot;gallery_layout&quot;:&quot;masonry&quot;,&quot;lazyload&quot;:&quot;yes&quot;,&quot;columns&quot;:4,&quot;columns_tablet&quot;:2,&quot;columns_mobile&quot;:1,&quot;gap&quot;:{&quot;unit&quot;:&quot;px&quot;,&quot;size&quot;:10,&quot;sizes&quot;:[]},&quot;gap_tablet&quot;:{&quot;unit&quot;:&quot;px&quot;,&quot;size&quot;:10,&quot;sizes&quot;:[]},&quot;gap_mobile&quot;:{&quot;unit&quot;:&quot;px&quot;,&quot;size&quot;:10,&quot;sizes&quot;:[]},&quot;link_to&quot;:&quot;file&quot;,&quot;overlay_background&quot;:&quot;yes&quot;,&quot;content_hover_animation&quot;:&quot;fade-in&quot;}\" data-widget_type=\"gallery.default\">\n\t\t\t\t<div class=\"elementor-widget-container\">\n\t\t\t\t\t\t\t<div class=\"elementor-gallery__container\">\n\t\t\t\t\t\t\t<a class=\"e-gallery-item elementor-gallery-item elementor-animated-content\" href=\"https:\/\/unalometattoo.es\/wp-content\/uploads\/2024\/05\/Piercing_By_Sarah_Tadelli-1.jpg\" data-elementor-open-lightbox=\"yes\" data-elementor-lightbox-slideshow=\"ea9ab22\" data-elementor-lightbox-title=\"Piercing_By_Sarah_Tadelli (1)\" data-e-action-hash=\"#elementor-action%3Aaction%3Dlightbox%26settings%3DeyJpZCI6NTcxLCJ1cmwiOiJodHRwczpcL1wvdW5hbG9tZXRhdHRvby5lc1wvd3AtY29udGVudFwvdXBsb2Fkc1wvMjAyNFwvMDVcL1BpZXJjaW5nX0J5X1NhcmFoX1RhZGVsbGktMS5qcGciLCJzbGlkZXNob3ciOiJlYTlhYjIyIn0%3D\">\n\t\t\t\t\t<div class=\"e-gallery-image elementor-gallery-item__image\" data-thumbnail=\"https:\/\/unalometattoo.es\/wp-content\/uploads\/2024\/05\/Piercing_By_Sarah_Tadelli-1-300x223.jpg\" data-width=\"300\" data-height=\"223\" aria-label=\"\" role=\"img\" ><\/div>\n\t\t\t\t\t\t\t\t\t\t\t<div class=\"elementor-gallery-item__overlay\"><\/div>\n\t\t\t\t\t\t\t\t\t\t\t\t\t\t<\/a>\n\t\t\t\t\t\t\t<a class=\"e-gallery-item elementor-gallery-item elementor-animated-content\" href=\"https:\/\/unalometattoo.es\/wp-content\/uploads\/2024\/05\/Piercing_By_Sarah_Tadelli-2.jpg\" data-elementor-open-lightbox=\"yes\" data-elementor-lightbox-slideshow=\"ea9ab22\" data-elementor-lightbox-title=\"Piercing_By_Sarah_Tadelli (2)\" data-e-action-hash=\"#elementor-action%3Aaction%3Dlightbox%26settings%3DeyJpZCI6NTcwLCJ1cmwiOiJodHRwczpcL1wvdW5hbG9tZXRhdHRvby5lc1wvd3AtY29udGVudFwvdXBsb2Fkc1wvMjAyNFwvMDVcL1BpZXJjaW5nX0J5X1NhcmFoX1RhZGVsbGktMi5qcGciLCJzbGlkZXNob3ciOiJlYTlhYjIyIn0%3D\">\n\t\t\t\t\t<div class=\"e-gallery-image elementor-gallery-item__image\" data-thumbnail=\"https:\/\/unalometattoo.es\/wp-content\/uploads\/2024\/05\/Piercing_By_Sarah_Tadelli-2-243x300.jpg\" data-width=\"243\" data-height=\"300\" aria-label=\"\" role=\"img\" ><\/div>\n\t\t\t\t\t\t\t\t\t\t\t<div class=\"elementor-gallery-item__overlay\"><\/div>\n\t\t\t\t\t\t\t\t\t\t\t\t\t\t<\/a>\n\t\t\t\t\t\t\t<a class=\"e-gallery-item elementor-gallery-item elementor-animated-content\" href=\"https:\/\/unalometattoo.es\/wp-content\/uploads\/2024\/05\/Piercing_By_Sarah_Tadelli-3.jpg\" data-elementor-open-lightbox=\"yes\" data-elementor-lightbox-slideshow=\"ea9ab22\" data-elementor-lightbox-title=\"Piercing_By_Sarah_Tadelli (3)\" data-e-action-hash=\"#elementor-action%3Aaction%3Dlightbox%26settings%3DeyJpZCI6NTY5LCJ1cmwiOiJodHRwczpcL1wvdW5hbG9tZXRhdHRvby5lc1wvd3AtY29udGVudFwvdXBsb2Fkc1wvMjAyNFwvMDVcL1BpZXJjaW5nX0J5X1NhcmFoX1RhZGVsbGktMy5qcGciLCJzbGlkZXNob3ciOiJlYTlhYjIyIn0%3D\">\n\t\t\t\t\t<div class=\"e-gallery-image elementor-gallery-item__image\" data-thumbnail=\"https:\/\/unalometattoo.es\/wp-content\/uploads\/2024\/05\/Piercing_By_Sarah_Tadelli-3-300x288.jpg\" data-width=\"300\" data-height=\"288\" aria-label=\"\" role=\"img\" ><\/div>\n\t\t\t\t\t\t\t\t\t\t\t<div class=\"elementor-gallery-item__overlay\"><\/div>\n\t\t\t\t\t\t\t\t\t\t\t\t\t\t<\/a>\n\t\t\t\t\t\t\t<a class=\"e-gallery-item elementor-gallery-item elementor-animated-content\" href=\"https:\/\/unalometattoo.es\/wp-content\/uploads\/2024\/05\/Piercing_By_Sarah_Tadelli-4.jpg\" data-elementor-open-lightbox=\"yes\" data-elementor-lightbox-slideshow=\"ea9ab22\" data-elementor-lightbox-title=\"Piercing_By_Sarah_Tadelli (4)\" data-e-action-hash=\"#elementor-action%3Aaction%3Dlightbox%26settings%3DeyJpZCI6NTY4LCJ1cmwiOiJodHRwczpcL1wvdW5hbG9tZXRhdHRvby5lc1wvd3AtY29udGVudFwvdXBsb2Fkc1wvMjAyNFwvMDVcL1BpZXJjaW5nX0J5X1NhcmFoX1RhZGVsbGktNC5qcGciLCJzbGlkZXNob3ciOiJlYTlhYjIyIn0%3D\">\n\t\t\t\t\t<div class=\"e-gallery-image elementor-gallery-item__image\" data-thumbnail=\"https:\/\/unalometattoo.es\/wp-content\/uploads\/2024\/05\/Piercing_By_Sarah_Tadelli-4-273x300.jpg\" data-width=\"273\" data-height=\"300\" aria-label=\"\" role=\"img\" ><\/div>\n\t\t\t\t\t\t\t\t\t\t\t<div class=\"elementor-gallery-item__overlay\"><\/div>\n\t\t\t\t\t\t\t\t\t\t\t\t\t\t<\/a>\n\t\t\t\t\t\t\t<a class=\"e-gallery-item elementor-gallery-item elementor-animated-content\" href=\"https:\/\/unalometattoo.es\/wp-content\/uploads\/2024\/05\/Piercing_By_Sarah_Tadelli-5.jpg\" data-elementor-open-lightbox=\"yes\" data-elementor-lightbox-slideshow=\"ea9ab22\" data-elementor-lightbox-title=\"Piercing_By_Sarah_Tadelli (5)\" data-e-action-hash=\"#elementor-action%3Aaction%3Dlightbox%26settings%3DeyJpZCI6NTY3LCJ1cmwiOiJodHRwczpcL1wvdW5hbG9tZXRhdHRvby5lc1wvd3AtY29udGVudFwvdXBsb2Fkc1wvMjAyNFwvMDVcL1BpZXJjaW5nX0J5X1NhcmFoX1RhZGVsbGktNS5qcGciLCJzbGlkZXNob3ciOiJlYTlhYjIyIn0%3D\">\n\t\t\t\t\t<div class=\"e-gallery-image elementor-gallery-item__image\" data-thumbnail=\"https:\/\/unalometattoo.es\/wp-content\/uploads\/2024\/05\/Piercing_By_Sarah_Tadelli-5-230x300.jpg\" data-width=\"230\" data-height=\"300\" aria-label=\"\" role=\"img\" ><\/div>\n\t\t\t\t\t\t\t\t\t\t\t<div class=\"elementor-gallery-item__overlay\"><\/div>\n\t\t\t\t\t\t\t\t\t\t\t\t\t\t<\/a>\n\t\t\t\t\t\t\t<a class=\"e-gallery-item elementor-gallery-item elementor-animated-content\" href=\"https:\/\/unalometattoo.es\/wp-content\/uploads\/2024\/05\/Piercing_By_Sarah_Tadelli-6.jpg\" data-elementor-open-lightbox=\"yes\" data-elementor-lightbox-slideshow=\"ea9ab22\" data-elementor-lightbox-title=\"Piercing_By_Sarah_Tadelli (6)\" data-e-action-hash=\"#elementor-action%3Aaction%3Dlightbox%26settings%3DeyJpZCI6NTY2LCJ1cmwiOiJodHRwczpcL1wvdW5hbG9tZXRhdHRvby5lc1wvd3AtY29udGVudFwvdXBsb2Fkc1wvMjAyNFwvMDVcL1BpZXJjaW5nX0J5X1NhcmFoX1RhZGVsbGktNi5qcGciLCJzbGlkZXNob3ciOiJlYTlhYjIyIn0%3D\">\n\t\t\t\t\t<div class=\"e-gallery-image elementor-gallery-item__image\" data-thumbnail=\"https:\/\/unalometattoo.es\/wp-content\/uploads\/2024\/05\/Piercing_By_Sarah_Tadelli-6-260x300.jpg\" data-width=\"260\" data-height=\"300\" aria-label=\"\" role=\"img\" ><\/div>\n\t\t\t\t\t\t\t\t\t\t\t<div class=\"elementor-gallery-item__overlay\"><\/div>\n\t\t\t\t\t\t\t\t\t\t\t\t\t\t<\/a>\n\t\t\t\t\t\t\t<a class=\"e-gallery-item elementor-gallery-item elementor-animated-content\" href=\"https:\/\/unalometattoo.es\/wp-content\/uploads\/2024\/05\/Piercing_By_Sarah_Tadelli-7.jpg\" data-elementor-open-lightbox=\"yes\" data-elementor-lightbox-slideshow=\"ea9ab22\" data-elementor-lightbox-title=\"Piercing_By_Sarah_Tadelli (7)\" data-e-action-hash=\"#elementor-action%3Aaction%3Dlightbox%26settings%3DeyJpZCI6NTY1LCJ1cmwiOiJodHRwczpcL1wvdW5hbG9tZXRhdHRvby5lc1wvd3AtY29udGVudFwvdXBsb2Fkc1wvMjAyNFwvMDVcL1BpZXJjaW5nX0J5X1NhcmFoX1RhZGVsbGktNy5qcGciLCJzbGlkZXNob3ciOiJlYTlhYjIyIn0%3D\">\n\t\t\t\t\t<div class=\"e-gallery-image elementor-gallery-item__image\" data-thumbnail=\"https:\/\/unalometattoo.es\/wp-content\/uploads\/2024\/05\/Piercing_By_Sarah_Tadelli-7-272x300.jpg\" data-width=\"272\" data-height=\"300\" aria-label=\"\" role=\"img\" ><\/div>\n\t\t\t\t\t\t\t\t\t\t\t<div class=\"elementor-gallery-item__overlay\"><\/div>\n\t\t\t\t\t\t\t\t\t\t\t\t\t\t<\/a>\n\t\t\t\t\t\t\t<a class=\"e-gallery-item elementor-gallery-item elementor-animated-content\" href=\"https:\/\/unalometattoo.es\/wp-content\/uploads\/2024\/05\/Piercing_By_Sarah_Tadelli-8.jpg\" data-elementor-open-lightbox=\"yes\" data-elementor-lightbox-slideshow=\"ea9ab22\" data-elementor-lightbox-title=\"Piercing_By_Sarah_Tadelli (8)\" data-e-action-hash=\"#elementor-action%3Aaction%3Dlightbox%26settings%3DeyJpZCI6NTY0LCJ1cmwiOiJodHRwczpcL1wvdW5hbG9tZXRhdHRvby5lc1wvd3AtY29udGVudFwvdXBsb2Fkc1wvMjAyNFwvMDVcL1BpZXJjaW5nX0J5X1NhcmFoX1RhZGVsbGktOC5qcGciLCJzbGlkZXNob3ciOiJlYTlhYjIyIn0%3D\">\n\t\t\t\t\t<div class=\"e-gallery-image elementor-gallery-item__image\" data-thumbnail=\"https:\/\/unalometattoo.es\/wp-content\/uploads\/2024\/05\/Piercing_By_Sarah_Tadelli-8-300x294.jpg\" data-width=\"300\" data-height=\"294\" aria-label=\"\" role=\"img\" ><\/div>\n\t\t\t\t\t\t\t\t\t\t\t<div class=\"elementor-gallery-item__overlay\"><\/div>\n\t\t\t\t\t\t\t\t\t\t\t\t\t\t<\/a>\n\t\t\t\t\t\t\t<a class=\"e-gallery-item elementor-gallery-item elementor-animated-content\" href=\"https:\/\/unalometattoo.es\/wp-content\/uploads\/2024\/05\/Piercing_By_Sarah_Tadelli-9.jpg\" data-elementor-open-lightbox=\"yes\" data-elementor-lightbox-slideshow=\"ea9ab22\" data-elementor-lightbox-title=\"Piercing_By_Sarah_Tadelli (9)\" data-e-action-hash=\"#elementor-action%3Aaction%3Dlightbox%26settings%3DeyJpZCI6NTYzLCJ1cmwiOiJodHRwczpcL1wvdW5hbG9tZXRhdHRvby5lc1wvd3AtY29udGVudFwvdXBsb2Fkc1wvMjAyNFwvMDVcL1BpZXJjaW5nX0J5X1NhcmFoX1RhZGVsbGktOS5qcGciLCJzbGlkZXNob3ciOiJlYTlhYjIyIn0%3D\">\n\t\t\t\t\t<div class=\"e-gallery-image elementor-gallery-item__image\" data-thumbnail=\"https:\/\/unalometattoo.es\/wp-content\/uploads\/2024\/05\/Piercing_By_Sarah_Tadelli-9-265x300.jpg\" data-width=\"265\" data-height=\"300\" aria-label=\"\" role=\"img\" ><\/div>\n\t\t\t\t\t\t\t\t\t\t\t<div class=\"elementor-gallery-item__overlay\"><\/div>\n\t\t\t\t\t\t\t\t\t\t\t\t\t\t<\/a>\n\t\t\t\t\t\t\t<a class=\"e-gallery-item elementor-gallery-item elementor-animated-content\" href=\"https:\/\/unalometattoo.es\/wp-content\/uploads\/2024\/05\/Piercing_By_Sarah_Tadelli-10.jpg\" data-elementor-open-lightbox=\"yes\" data-elementor-lightbox-slideshow=\"ea9ab22\" data-elementor-lightbox-title=\"Piercing_By_Sarah_Tadelli (10)\" data-e-action-hash=\"#elementor-action%3Aaction%3Dlightbox%26settings%3DeyJpZCI6NTYyLCJ1cmwiOiJodHRwczpcL1wvdW5hbG9tZXRhdHRvby5lc1wvd3AtY29udGVudFwvdXBsb2Fkc1wvMjAyNFwvMDVcL1BpZXJjaW5nX0J5X1NhcmFoX1RhZGVsbGktMTAuanBnIiwic2xpZGVzaG93IjoiZWE5YWIyMiJ9\">\n\t\t\t\t\t<div class=\"e-gallery-image elementor-gallery-item__image\" data-thumbnail=\"https:\/\/unalometattoo.es\/wp-content\/uploads\/2024\/05\/Piercing_By_Sarah_Tadelli-10-259x300.jpg\" data-width=\"259\" data-height=\"300\" aria-label=\"\" role=\"img\" ><\/div>\n\t\t\t\t\t\t\t\t\t\t\t<div class=\"elementor-gallery-item__overlay\"><\/div>\n\t\t\t\t\t\t\t\t\t\t\t\t\t\t<\/a>\n\t\t\t\t\t\t\t<a class=\"e-gallery-item elementor-gallery-item elementor-animated-content\" href=\"https:\/\/unalometattoo.es\/wp-content\/uploads\/2024\/05\/Piercing_By_Sarah_Tadelli-11.jpg\" data-elementor-open-lightbox=\"yes\" data-elementor-lightbox-slideshow=\"ea9ab22\" data-elementor-lightbox-title=\"Piercing_By_Sarah_Tadelli (11)\" data-e-action-hash=\"#elementor-action%3Aaction%3Dlightbox%26settings%3DeyJpZCI6NTYxLCJ1cmwiOiJodHRwczpcL1wvdW5hbG9tZXRhdHRvby5lc1wvd3AtY29udGVudFwvdXBsb2Fkc1wvMjAyNFwvMDVcL1BpZXJjaW5nX0J5X1NhcmFoX1RhZGVsbGktMTEuanBnIiwic2xpZGVzaG93IjoiZWE5YWIyMiJ9\">\n\t\t\t\t\t<div class=\"e-gallery-image elementor-gallery-item__image\" data-thumbnail=\"https:\/\/unalometattoo.es\/wp-content\/uploads\/2024\/05\/Piercing_By_Sarah_Tadelli-11-300x291.jpg\" data-width=\"300\" data-height=\"291\" aria-label=\"\" role=\"img\" ><\/div>\n\t\t\t\t\t\t\t\t\t\t\t<div class=\"elementor-gallery-item__overlay\"><\/div>\n\t\t\t\t\t\t\t\t\t\t\t\t\t\t<\/a>\n\t\t\t\t\t\t\t<a class=\"e-gallery-item elementor-gallery-item elementor-animated-content\" href=\"https:\/\/unalometattoo.es\/wp-content\/uploads\/2024\/05\/Piercing_By_Sarah_Tadelli-12.jpg\" data-elementor-open-lightbox=\"yes\" data-elementor-lightbox-slideshow=\"ea9ab22\" data-elementor-lightbox-title=\"Piercing_By_Sarah_Tadelli (12)\" data-e-action-hash=\"#elementor-action%3Aaction%3Dlightbox%26settings%3DeyJpZCI6NTYwLCJ1cmwiOiJodHRwczpcL1wvdW5hbG9tZXRhdHRvby5lc1wvd3AtY29udGVudFwvdXBsb2Fkc1wvMjAyNFwvMDVcL1BpZXJjaW5nX0J5X1NhcmFoX1RhZGVsbGktMTIuanBnIiwic2xpZGVzaG93IjoiZWE5YWIyMiJ9\">\n\t\t\t\t\t<div class=\"e-gallery-image elementor-gallery-item__image\" data-thumbnail=\"https:\/\/unalometattoo.es\/wp-content\/uploads\/2024\/05\/Piercing_By_Sarah_Tadelli-12-300x257.jpg\" data-width=\"300\" data-height=\"257\" aria-label=\"\" role=\"img\" ><\/div>\n\t\t\t\t\t\t\t\t\t\t\t<div class=\"elementor-gallery-item__overlay\"><\/div>\n\t\t\t\t\t\t\t\t\t\t\t\t\t\t<\/a>\n\t\t\t\t\t<\/div>\n\t\t\t\t\t<\/div>\n\t\t\t\t<\/div>\n\t\t\t\t<div class=\"elementor-element elementor-element-5e10b51 elementor-widget elementor-widget-text-editor\" data-id=\"5e10b51\" data-element_type=\"widget\" data-e-type=\"widget\" data-widget_type=\"text-editor.default\">\n\t\t\t\t<div class=\"elementor-widget-container\">\n\t\t\t\t\t\t\t\t\t<p>Si te gusta lo que ves, y quieres hacerte un piercing, ponte en contacto con nosotros y reserva cita ya.<\/p>\t\t\t\t\t\t\t\t<\/div>\n\t\t\t\t<\/div>\n\t\t\t\t<div class=\"elementor-element elementor-element-07c9b55 elementor-align-center elementor-widget elementor-widget-button\" data-id=\"07c9b55\" data-element_type=\"widget\" data-e-type=\"widget\" data-widget_type=\"button.default\">\n\t\t\t\t<div class=\"elementor-widget-container\">\n\t\t\t\t\t\t\t\t\t<div class=\"elementor-button-wrapper\">\n\t\t\t\t\t<a class=\"elementor-button elementor-button-link elementor-size-sm\" href=\"https:\/\/unalometattoo.es\/index.php\/contacto\/\" target=\"_blank\">\n\t\t\t\t\t\t<span class=\"elementor-button-content-wrapper\">\n\t\t\t\t\t\t\t\t\t<span class=\"elementor-button-text\">Contacta ahora con Unalome Tattoo &amp; Piercing<\/span>\n\t\t\t\t\t<\/span>\n\t\t\t\t\t<\/a>\n\t\t\t\t<\/div>\n\t\t\t\t\t\t\t\t<\/div>\n\t\t\t\t<\/div>\n\t\t\t\t\t<\/div>\n\t\t\t\t<\/div>\n\t\t\t\t<\/div>\n\t\t","protected":false},"excerpt":{"rendered":"<p>Descubre nuestra Galer\u00eda de Piercings Muestra de piercings hechos en Unalome Tattoo &amp; Piercing En Unalome Tattoo &amp; Piercing, la expresi\u00f3n personal no se limita solo a los tatuajes. Nuestros expertos en piercing est\u00e1n aqu\u00ed para ayudarte a realzar tu estilo con piercings que reflejen tu individualidad y te hagan sentir seguro de ti mismo. [&hellip;]<\/p>\n","protected":false},"author":2,"featured_media":0,"parent":0,"menu_order":3,"comment_status":"closed","ping_status":"closed","template":"","meta":{"_joinchat":[],"footnotes":""},"class_list":["post-46","page","type-page","status-publish","hentry"],"aioseo_notices":[],"_links":{"self":[{"href":"https:\/\/unalometattoo.es\/index.php\/wp-json\/wp\/v2\/pages\/46","targetHints":{"allow":["GET"]}}],"collection":[{"href":"https:\/\/unalometattoo.es\/index.php\/wp-json\/wp\/v2\/pages"}],"about":[{"href":"https:\/\/unalometattoo.es\/index.php\/wp-json\/wp\/v2\/types\/page"}],"author":[{"embeddable":true,"href":"https:\/\/unalometattoo.es\/index.php\/wp-json\/wp\/v2\/users\/2"}],"replies":[{"embeddable":true,"href":"https:\/\/unalometattoo.es\/index.php\/wp-json\/wp\/v2\/comments?post=46"}],"version-history":[{"count":40,"href":"https:\/\/unalometattoo.es\/index.php\/wp-json\/wp\/v2\/pages\/46\/revisions"}],"predecessor-version":[{"id":2210,"href":"https:\/\/unalometattoo.es\/index.php\/wp-json\/wp\/v2\/pages\/46\/revisions\/2210"}],"wp:attachment":[{"href":"https:\/\/unalometattoo.es\/index.php\/wp-json\/wp\/v2\/media?parent=46"}],"curies":[{"name":"wp","href":"https:\/\/api.w.org\/{rel}","templated":true}]}}